{"id":2572,"date":"2025-11-08T15:27:38","date_gmt":"2025-11-08T14:27:38","guid":{"rendered":"https:\/\/ttcpelaka.de\/?page_id=2572"},"modified":"2025-11-08T17:23:49","modified_gmt":"2025-11-08T16:23:49","slug":"75-jahre-ttc-pe-la-ka","status":"publish","type":"page","link":"https:\/\/ttcpelaka.de\/?page_id=2572","title":{"rendered":"75 Jahre TTC Pe-La-Ka"},"content":{"rendered":"\t\t<div data-elementor-type=\"wp-page\" data-elementor-id=\"2572\" class=\"elementor elementor-2572\">\n\t\t\t\t\t\t<div class=\"elementor-inner\">\n\t\t\t\t<div class=\"elementor-section-wrap\">\n\t\t\t\t\t\t\t\t\t<section class=\"elementor-section elementor-top-section elementor-element elementor-element-9934971 elementor-section-boxed elementor-section-height-default elementor-section-height-default\" data-id=\"9934971\" data-element_type=\"section\">\n\t\t\t\t\t\t<div class=\"elementor-container elementor-column-gap-default\">\n\t\t\t\t\t\t\t<div class=\"elementor-row\">\n\t\t\t\t\t<div class=\"elementor-column elementor-col-100 elementor-top-column elementor-element elementor-element-fefb4a1\" data-id=\"fefb4a1\" data-element_type=\"column\">\n\t\t\t<div class=\"elementor-column-wrap elementor-element-populated\">\n\t\t\t\t\t\t\t<div class=\"elementor-widget-wrap\">\n\t\t\t\t\t\t<div class=\"elementor-element elementor-element-8da6df4 elementor-widget elementor-widget-heading\" data-id=\"8da6df4\" data-element_type=\"widget\" data-widget_type=\"heading.default\">\n\t\t\t\t<div class=\"elementor-widget-container\">\n\t\t\t<h2 class=\"elementor-heading-title elementor-size-default\">75 Jahre TTC Pe-La-Ka e.V.<\/h2>\t\t<\/div>\n\t\t\t\t<\/div>\n\t\t\t\t\t\t<\/div>\n\t\t\t\t\t<\/div>\n\t\t<\/div>\n\t\t\t\t\t\t\t\t<\/div>\n\t\t\t\t\t<\/div>\n\t\t<\/section>\n\t\t\t\t<section class=\"elementor-section elementor-top-section elementor-element elementor-element-ba6b0a6 elementor-section-boxed elementor-section-height-default elementor-section-height-default\" data-id=\"ba6b0a6\" data-element_type=\"section\">\n\t\t\t\t\t\t<div class=\"elementor-container elementor-column-gap-default\">\n\t\t\t\t\t\t\t<div class=\"elementor-row\">\n\t\t\t\t\t<div class=\"elementor-column elementor-col-100 elementor-top-column elementor-element elementor-element-fef11ed\" data-id=\"fef11ed\" data-element_type=\"column\">\n\t\t\t<div class=\"elementor-column-wrap elementor-element-populated\">\n\t\t\t\t\t\t\t<div class=\"elementor-widget-wrap\">\n\t\t\t\t\t\t<div class=\"elementor-element elementor-element-fc0ae30 elementor-widget elementor-widget-text-editor\" data-id=\"fc0ae30\" data-element_type=\"widget\" data-widget_type=\"text-editor.default\">\n\t\t\t\t<div class=\"elementor-widget-container\">\n\t\t\t\t\t\t\t\t<div class=\"elementor-text-editor elementor-clearfix\">\n\t\t\t\t<p><strong>Lasfelde<\/strong>. Der Tischtennis-Club Pe-La-Ka hat in der Bahnhofsgastst\u00e4tte Henkel sein 75-j\u00e4hriges Vereinsjubil\u00e4um gefeiert. Vorsitzender Detlef Fromme begr\u00fc\u00dfte zahlreiche Mitglieder, Sportfreunde und Ehreng\u00e4ste &#8211; darunter den stellvertretenden Landrat des Landkreises G\u00f6ttingen, Sebastian Bornemann, die stellvertretende B\u00fcrgermeisterin der Stadt Osterode am Harz, Helga Klages, sowie den Ortsb\u00fcrgermeister der Ortsteile Lasfelde, Petersh\u00fctte und Katzenstein, Hans-J\u00fcrgen Kohlstedt.<\/p><p><strong>R\u00fcckblick auf die Vereinsgeschichte.<\/strong> In seiner Ansprache ging Fromme auf die Entwicklung des Clubs ein. 1950 hatten sich Sportler aus einer Fl\u00fcchtlingsvereinigung zusammengefunden, um auf einer Holzfaserplatte in einem privaten Raum Tischtennis zu spielen. Schon bald konnte die erste Mannschaft zum Punktspielbetrieb angemeldet werden. In den folgenden Jahrzehnten feierten die Teams des TTC beachtliche Erfolge. Auch im Einzelbereich erzielten Spieler immer wieder hervorragende Ergebnisse auf Kreis-, Bezirks- und Landesebene.<\/p><p><strong>Ehrungen verdienter Mitglieder.<\/strong> F\u00fcr 50 Jahre Vereinszugeh\u00f6rigkeit\u00a0 wurden Anja Friedmann und Bernd Meissner mit der goldenen Ehrennadel ausgezeichnet. Marcus Hildebrand erhielt f\u00fcr 25 Jahre Mitgliedschaft die silberne Ehrennadel, die ihm eine Woche sp\u00e4ter in der Turnhalle \u00fcberreicht wurde.<\/p><p><strong>Feierlicher Ausklang.<\/strong> Nach den offiziellen Programmpunkten lie\u00dfen die G\u00e4ste den Abend bei gutem Essen ausklingen. In geselliger Runde wurde \u00fcber &#8222;alte Zeiten&#8220; gesprochen und auch getanzt.<\/p><p><strong>Sportlicher Teil in der Turnhalle<\/strong>. Am folgenden Wochenende stand der sportliche Teil des Jubil\u00e4ums auf dem Programm. In der Lasfelder Turnhalle fand ein 2er-Turnier mit befreundeten Vereinen statt. Den Sieg sicherten sich Sebastian Lagershausen und Jamie Joel Hampel vom TTC Herzberg vor Torsten Mai und Hussein ab del Rahmann vom TTK Gittelde-Teichh\u00fctte.<\/p><p>Auch ein vereinsinternes Familienturnier wurde ausgetragen: Hier gewannen Lasse und Jens Wachsmuth vor Lennox und Jonathan Schmidt. Beim offenen Kids-Race holten sich Devin Falinski (TTC Pe-La-Ka) und Emil Chatzistamatiou die Siege in ihren Altersklassen.<\/p>\t\t\t\t\t<\/div>\n\t\t\t\t\t\t<\/div>\n\t\t\t\t<\/div>\n\t\t\t\t\t\t<\/div>\n\t\t\t\t\t<\/div>\n\t\t<\/div>\n\t\t\t\t\t\t\t\t<\/div>\n\t\t\t\t\t<\/div>\n\t\t<\/section>\n\t\t\t\t<section class=\"elementor-section elementor-top-section elementor-element elementor-element-52f61a7 elementor-section-boxed elementor-section-height-default elementor-section-height-default\" data-id=\"52f61a7\" data-element_type=\"section\">\n\t\t\t\t\t\t<div class=\"elementor-container elementor-column-gap-default\">\n\t\t\t\t\t\t\t<div class=\"elementor-row\">\n\t\t\t\t\t<div class=\"elementor-column elementor-col-100 elementor-top-column elementor-element elementor-element-0e0bb7b\" data-id=\"0e0bb7b\" data-element_type=\"column\">\n\t\t\t<div class=\"elementor-column-wrap elementor-element-populated\">\n\t\t\t\t\t\t\t<div class=\"elementor-widget-wrap\">\n\t\t\t\t\t\t<div class=\"elementor-element elementor-element-1f1d4a8 elementor-widget elementor-widget-image\" data-id=\"1f1d4a8\" data-element_type=\"widget\" data-widget_type=\"image.default\">\n\t\t\t\t<div class=\"elementor-widget-container\">\n\t\t\t\t\t\t\t\t<div class=\"elementor-image\">\n\t\t\t\t\t\t\t\t\t\t\t\t<img decoding=\"async\" width=\"750\" height=\"563\" src=\"https:\/\/ttcpelaka.de\/wp-content\/uploads\/2025\/11\/Jubilaeum_Hildebrand_Ehrung-768x576.jpg\" class=\"attachment-medium_large size-medium_large wp-image-2591\" alt=\"\" loading=\"lazy\" srcset=\"https:\/\/ttcpelaka.de\/wp-content\/uploads\/2025\/11\/Jubilaeum_Hildebrand_Ehrung-768x576.jpg 768w, https:\/\/ttcpelaka.de\/wp-content\/uploads\/2025\/11\/Jubilaeum_Hildebrand_Ehrung-300x225.jpg 300w, https:\/\/ttcpelaka.de\/wp-content\/uploads\/2025\/11\/Jubilaeum_Hildebrand_Ehrung-1024x768.jpg 1024w, https:\/\/ttcpelaka.de\/wp-content\/uploads\/2025\/11\/Jubilaeum_Hildebrand_Ehrung.jpg 1288w\" sizes=\"(max-width: 750px) 100vw, 750px\" \/>\t\t\t\t\t\t\t\t\t\t\t\t\t\t<\/div>\n\t\t\t\t\t\t<\/div>\n\t\t\t\t<\/div>\n\t\t\t\t\t\t<\/div>\n\t\t\t\t\t<\/div>\n\t\t<\/div>\n\t\t\t\t\t\t\t\t<\/div>\n\t\t\t\t\t<\/div>\n\t\t<\/section>\n\t\t\t\t<section class=\"elementor-section elementor-top-section elementor-element elementor-element-e1fc2a8 elementor-section-boxed elementor-section-height-default elementor-section-height-default\" data-id=\"e1fc2a8\" data-element_type=\"section\">\n\t\t\t\t\t\t<div class=\"elementor-container elementor-column-gap-default\">\n\t\t\t\t\t\t\t<div class=\"elementor-row\">\n\t\t\t\t\t<div class=\"elementor-column elementor-col-100 elementor-top-column elementor-element elementor-element-c3cf4bc\" data-id=\"c3cf4bc\" data-element_type=\"column\">\n\t\t\t<div class=\"elementor-column-wrap elementor-element-populated\">\n\t\t\t\t\t\t\t<div class=\"elementor-widget-wrap\">\n\t\t\t\t\t\t<div class=\"elementor-element elementor-element-1034c68 elementor-widget elementor-widget-heading\" data-id=\"1034c68\" data-element_type=\"widget\" data-widget_type=\"heading.default\">\n\t\t\t\t<div class=\"elementor-widget-container\">\n\t\t\t<h2 class=\"elementor-heading-title elementor-size-medium\">Marcus Hildebrand wird f\u00fcr 25-j\u00e4hrige Mitgliedschaft geehrt.<\/h2>\t\t<\/div>\n\t\t\t\t<\/div>\n\t\t\t\t\t\t<\/div>\n\t\t\t\t\t<\/div>\n\t\t<\/div>\n\t\t\t\t\t\t\t\t<\/div>\n\t\t\t\t\t<\/div>\n\t\t<\/section>\n\t\t\t\t<section class=\"elementor-section elementor-top-section elementor-element elementor-element-b7e3619 elementor-section-boxed elementor-section-height-default elementor-section-height-default\" data-id=\"b7e3619\" data-element_type=\"section\">\n\t\t\t\t\t\t<div class=\"elementor-container elementor-column-gap-default\">\n\t\t\t\t\t\t\t<div class=\"elementor-row\">\n\t\t\t\t\t<div class=\"elementor-column elementor-col-100 elementor-top-column elementor-element elementor-element-9ced788\" data-id=\"9ced788\" data-element_type=\"column\">\n\t\t\t<div class=\"elementor-column-wrap elementor-element-populated\">\n\t\t\t\t\t\t\t<div class=\"elementor-widget-wrap\">\n\t\t\t\t\t\t<div class=\"elementor-element elementor-element-948aa05 elementor-widget elementor-widget-image\" data-id=\"948aa05\" data-element_type=\"widget\" data-widget_type=\"image.default\">\n\t\t\t\t<div class=\"elementor-widget-container\">\n\t\t\t\t\t\t\t\t<div class=\"elementor-image\">\n\t\t\t\t\t\t\t\t\t\t\t\t<img decoding=\"async\" width=\"750\" height=\"563\" src=\"https:\/\/ttcpelaka.de\/wp-content\/uploads\/2025\/11\/Jubilaeum_TN_KidsRace-768x576.jpg\" class=\"attachment-medium_large size-medium_large wp-image-2592\" alt=\"\" loading=\"lazy\" srcset=\"https:\/\/ttcpelaka.de\/wp-content\/uploads\/2025\/11\/Jubilaeum_TN_KidsRace-768x576.jpg 768w, https:\/\/ttcpelaka.de\/wp-content\/uploads\/2025\/11\/Jubilaeum_TN_KidsRace-300x225.jpg 300w, https:\/\/ttcpelaka.de\/wp-content\/uploads\/2025\/11\/Jubilaeum_TN_KidsRace-1024x768.jpg 1024w, https:\/\/ttcpelaka.de\/wp-content\/uploads\/2025\/11\/Jubilaeum_TN_KidsRace.jpg 1288w\" sizes=\"(max-width: 750px) 100vw, 750px\" \/>\t\t\t\t\t\t\t\t\t\t\t\t\t\t<\/div>\n\t\t\t\t\t\t<\/div>\n\t\t\t\t<\/div>\n\t\t\t\t\t\t<\/div>\n\t\t\t\t\t<\/div>\n\t\t<\/div>\n\t\t\t\t\t\t\t\t<\/div>\n\t\t\t\t\t<\/div>\n\t\t<\/section>\n\t\t\t\t<section class=\"elementor-section elementor-top-section elementor-element elementor-element-c4623f3 elementor-section-boxed elementor-section-height-default elementor-section-height-default\" data-id=\"c4623f3\" data-element_type=\"section\">\n\t\t\t\t\t\t<div class=\"elementor-container elementor-column-gap-default\">\n\t\t\t\t\t\t\t<div class=\"elementor-row\">\n\t\t\t\t\t<div class=\"elementor-column elementor-col-100 elementor-top-column elementor-element elementor-element-b45c54c\" data-id=\"b45c54c\" data-element_type=\"column\">\n\t\t\t<div class=\"elementor-column-wrap elementor-element-populated\">\n\t\t\t\t\t\t\t<div class=\"elementor-widget-wrap\">\n\t\t\t\t\t\t<div class=\"elementor-element elementor-element-2fb7f68 elementor-widget elementor-widget-heading\" data-id=\"2fb7f68\" data-element_type=\"widget\" data-widget_type=\"heading.default\">\n\t\t\t\t<div class=\"elementor-widget-container\">\n\t\t\t<h2 class=\"elementor-heading-title elementor-size-medium\">Die Kids-Race Teilnehmer*innen<\/h2>\t\t<\/div>\n\t\t\t\t<\/div>\n\t\t\t\t\t\t<\/div>\n\t\t\t\t\t<\/div>\n\t\t<\/div>\n\t\t\t\t\t\t\t\t<\/div>\n\t\t\t\t\t<\/div>\n\t\t<\/section>\n\t\t\t\t<section class=\"elementor-section elementor-top-section elementor-element elementor-element-8967f63 elementor-section-boxed elementor-section-height-default elementor-section-height-default\" data-id=\"8967f63\" data-element_type=\"section\">\n\t\t\t\t\t\t<div class=\"elementor-container elementor-column-gap-default\">\n\t\t\t\t\t\t\t<div class=\"elementor-row\">\n\t\t\t\t\t<div class=\"elementor-column elementor-col-100 elementor-top-column elementor-element elementor-element-f7c4458\" data-id=\"f7c4458\" data-element_type=\"column\">\n\t\t\t<div class=\"elementor-column-wrap elementor-element-populated\">\n\t\t\t\t\t\t\t<div class=\"elementor-widget-wrap\">\n\t\t\t\t\t\t<div class=\"elementor-element elementor-element-051eaa2 elementor-widget elementor-widget-image\" data-id=\"051eaa2\" data-element_type=\"widget\" data-widget_type=\"image.default\">\n\t\t\t\t<div class=\"elementor-widget-container\">\n\t\t\t\t\t\t\t\t<div class=\"elementor-image\">\n\t\t\t\t\t\t\t\t\t\t\t\t<img decoding=\"async\" width=\"750\" height=\"563\" src=\"https:\/\/ttcpelaka.de\/wp-content\/uploads\/2025\/11\/Jubilaeum_Halle_Familien-768x576.jpg\" class=\"attachment-medium_large size-medium_large wp-image-2589\" alt=\"\" loading=\"lazy\" srcset=\"https:\/\/ttcpelaka.de\/wp-content\/uploads\/2025\/11\/Jubilaeum_Halle_Familien-768x576.jpg 768w, https:\/\/ttcpelaka.de\/wp-content\/uploads\/2025\/11\/Jubilaeum_Halle_Familien-300x225.jpg 300w, https:\/\/ttcpelaka.de\/wp-content\/uploads\/2025\/11\/Jubilaeum_Halle_Familien-1024x768.jpg 1024w, https:\/\/ttcpelaka.de\/wp-content\/uploads\/2025\/11\/Jubilaeum_Halle_Familien.jpg 1288w\" sizes=\"(max-width: 750px) 100vw, 750px\" \/>\t\t\t\t\t\t\t\t\t\t\t\t\t\t<\/div>\n\t\t\t\t\t\t<\/div>\n\t\t\t\t<\/div>\n\t\t\t\t\t\t<\/div>\n\t\t\t\t\t<\/div>\n\t\t<\/div>\n\t\t\t\t\t\t\t\t<\/div>\n\t\t\t\t\t<\/div>\n\t\t<\/section>\n\t\t\t\t<section class=\"elementor-section elementor-top-section elementor-element elementor-element-dad7375 elementor-section-boxed elementor-section-height-default elementor-section-height-default\" data-id=\"dad7375\" data-element_type=\"section\">\n\t\t\t\t\t\t<div class=\"elementor-container elementor-column-gap-default\">\n\t\t\t\t\t\t\t<div class=\"elementor-row\">\n\t\t\t\t\t<div class=\"elementor-column elementor-col-100 elementor-top-column elementor-element elementor-element-5f9c3c0\" data-id=\"5f9c3c0\" data-element_type=\"column\">\n\t\t\t<div class=\"elementor-column-wrap elementor-element-populated\">\n\t\t\t\t\t\t\t<div class=\"elementor-widget-wrap\">\n\t\t\t\t\t\t<div class=\"elementor-element elementor-element-00306bc elementor-widget elementor-widget-heading\" data-id=\"00306bc\" data-element_type=\"widget\" data-widget_type=\"heading.default\">\n\t\t\t\t<div class=\"elementor-widget-container\">\n\t\t\t<h2 class=\"elementor-heading-title elementor-size-medium\">Blick in die Halle beim Familien-Turnier<\/h2>\t\t<\/div>\n\t\t\t\t<\/div>\n\t\t\t\t\t\t<\/div>\n\t\t\t\t\t<\/div>\n\t\t<\/div>\n\t\t\t\t\t\t\t\t<\/div>\n\t\t\t\t\t<\/div>\n\t\t<\/section>\n\t\t\t\t<section class=\"elementor-section elementor-top-section elementor-element elementor-element-424d327 elementor-section-boxed elementor-section-height-default elementor-section-height-default\" data-id=\"424d327\" data-element_type=\"section\">\n\t\t\t\t\t\t<div class=\"elementor-container elementor-column-gap-default\">\n\t\t\t\t\t\t\t<div class=\"elementor-row\">\n\t\t\t\t\t<div class=\"elementor-column elementor-col-100 elementor-top-column elementor-element elementor-element-a52c7f3\" data-id=\"a52c7f3\" data-element_type=\"column\">\n\t\t\t<div class=\"elementor-column-wrap elementor-element-populated\">\n\t\t\t\t\t\t\t<div class=\"elementor-widget-wrap\">\n\t\t\t\t\t\t<div class=\"elementor-element elementor-element-a08475c elementor-widget elementor-widget-image\" data-id=\"a08475c\" data-element_type=\"widget\" data-widget_type=\"image.default\">\n\t\t\t\t<div class=\"elementor-widget-container\">\n\t\t\t\t\t\t\t\t<div class=\"elementor-image\">\n\t\t\t\t\t\t\t\t\t\t\t\t<img decoding=\"async\" width=\"750\" height=\"563\" src=\"https:\/\/ttcpelaka.de\/wp-content\/uploads\/2025\/11\/Jubiaeum_TN_Familien-768x576.jpg\" class=\"attachment-medium_large size-medium_large wp-image-2587\" alt=\"\" loading=\"lazy\" srcset=\"https:\/\/ttcpelaka.de\/wp-content\/uploads\/2025\/11\/Jubiaeum_TN_Familien-768x576.jpg 768w, https:\/\/ttcpelaka.de\/wp-content\/uploads\/2025\/11\/Jubiaeum_TN_Familien-300x225.jpg 300w, https:\/\/ttcpelaka.de\/wp-content\/uploads\/2025\/11\/Jubiaeum_TN_Familien-1024x768.jpg 1024w, https:\/\/ttcpelaka.de\/wp-content\/uploads\/2025\/11\/Jubiaeum_TN_Familien.jpg 1288w\" sizes=\"(max-width: 750px) 100vw, 750px\" \/>\t\t\t\t\t\t\t\t\t\t\t\t\t\t<\/div>\n\t\t\t\t\t\t<\/div>\n\t\t\t\t<\/div>\n\t\t\t\t\t\t<\/div>\n\t\t\t\t\t<\/div>\n\t\t<\/div>\n\t\t\t\t\t\t\t\t<\/div>\n\t\t\t\t\t<\/div>\n\t\t<\/section>\n\t\t\t\t<section class=\"elementor-section elementor-top-section elementor-element elementor-element-00d6418 elementor-section-boxed elementor-section-height-default elementor-section-height-default\" data-id=\"00d6418\" data-element_type=\"section\">\n\t\t\t\t\t\t<div class=\"elementor-container elementor-column-gap-default\">\n\t\t\t\t\t\t\t<div class=\"elementor-row\">\n\t\t\t\t\t<div class=\"elementor-column elementor-col-100 elementor-top-column elementor-element elementor-element-0a83f7a\" data-id=\"0a83f7a\" data-element_type=\"column\">\n\t\t\t<div class=\"elementor-column-wrap elementor-element-populated\">\n\t\t\t\t\t\t\t<div class=\"elementor-widget-wrap\">\n\t\t\t\t\t\t<div class=\"elementor-element elementor-element-08a36d6 elementor-widget elementor-widget-heading\" data-id=\"08a36d6\" data-element_type=\"widget\" data-widget_type=\"heading.default\">\n\t\t\t\t<div class=\"elementor-widget-container\">\n\t\t\t<h2 class=\"elementor-heading-title elementor-size-medium\">Die teilnehmenden Familien<\/h2>\t\t<\/div>\n\t\t\t\t<\/div>\n\t\t\t\t\t\t<\/div>\n\t\t\t\t\t<\/div>\n\t\t<\/div>\n\t\t\t\t\t\t\t\t<\/div>\n\t\t\t\t\t<\/div>\n\t\t<\/section>\n\t\t\t\t<section class=\"elementor-section elementor-top-section elementor-element elementor-element-4b01c27 elementor-section-boxed elementor-section-height-default elementor-section-height-default\" data-id=\"4b01c27\" data-element_type=\"section\">\n\t\t\t\t\t\t<div class=\"elementor-container elementor-column-gap-default\">\n\t\t\t\t\t\t\t<div class=\"elementor-row\">\n\t\t\t\t\t<div class=\"elementor-column elementor-col-100 elementor-top-column elementor-element elementor-element-1181384\" data-id=\"1181384\" data-element_type=\"column\">\n\t\t\t<div class=\"elementor-column-wrap elementor-element-populated\">\n\t\t\t\t\t\t\t<div class=\"elementor-widget-wrap\">\n\t\t\t\t\t\t<div class=\"elementor-element elementor-element-4ed24f1 elementor-widget elementor-widget-image\" data-id=\"4ed24f1\" data-element_type=\"widget\" data-widget_type=\"image.default\">\n\t\t\t\t<div class=\"elementor-widget-container\">\n\t\t\t\t\t\t\t\t<div class=\"elementor-image\">\n\t\t\t\t\t\t\t\t\t\t\t\t<img decoding=\"async\" width=\"750\" height=\"563\" src=\"https:\/\/ttcpelaka.de\/wp-content\/uploads\/2025\/11\/Jubilaeum_Halle_Vereine-768x576.jpg\" class=\"attachment-medium_large size-medium_large wp-image-2590\" alt=\"\" loading=\"lazy\" srcset=\"https:\/\/ttcpelaka.de\/wp-content\/uploads\/2025\/11\/Jubilaeum_Halle_Vereine-768x576.jpg 768w, https:\/\/ttcpelaka.de\/wp-content\/uploads\/2025\/11\/Jubilaeum_Halle_Vereine-300x225.jpg 300w, https:\/\/ttcpelaka.de\/wp-content\/uploads\/2025\/11\/Jubilaeum_Halle_Vereine-1024x768.jpg 1024w, https:\/\/ttcpelaka.de\/wp-content\/uploads\/2025\/11\/Jubilaeum_Halle_Vereine.jpg 1288w\" sizes=\"(max-width: 750px) 100vw, 750px\" \/>\t\t\t\t\t\t\t\t\t\t\t\t\t\t<\/div>\n\t\t\t\t\t\t<\/div>\n\t\t\t\t<\/div>\n\t\t\t\t\t\t<\/div>\n\t\t\t\t\t<\/div>\n\t\t<\/div>\n\t\t\t\t\t\t\t\t<\/div>\n\t\t\t\t\t<\/div>\n\t\t<\/section>\n\t\t\t\t<section class=\"elementor-section elementor-top-section elementor-element elementor-element-cb9575c elementor-section-boxed elementor-section-height-default elementor-section-height-default\" data-id=\"cb9575c\" data-element_type=\"section\">\n\t\t\t\t\t\t<div class=\"elementor-container elementor-column-gap-default\">\n\t\t\t\t\t\t\t<div class=\"elementor-row\">\n\t\t\t\t\t<div class=\"elementor-column elementor-col-100 elementor-top-column elementor-element elementor-element-48f0bb1\" data-id=\"48f0bb1\" data-element_type=\"column\">\n\t\t\t<div class=\"elementor-column-wrap elementor-element-populated\">\n\t\t\t\t\t\t\t<div class=\"elementor-widget-wrap\">\n\t\t\t\t\t\t<div class=\"elementor-element elementor-element-096b5ab elementor-widget elementor-widget-heading\" data-id=\"096b5ab\" data-element_type=\"widget\" data-widget_type=\"heading.default\">\n\t\t\t\t<div class=\"elementor-widget-container\">\n\t\t\t<h2 class=\"elementor-heading-title elementor-size-medium\">Spielbetrieb beim Turnier der Vereine<\/h2>\t\t<\/div>\n\t\t\t\t<\/div>\n\t\t\t\t\t\t<\/div>\n\t\t\t\t\t<\/div>\n\t\t<\/div>\n\t\t\t\t\t\t\t\t<\/div>\n\t\t\t\t\t<\/div>\n\t\t<\/section>\n\t\t\t\t<section class=\"elementor-section elementor-top-section elementor-element elementor-element-6a9e2fa elementor-section-boxed elementor-section-height-default elementor-section-height-default\" data-id=\"6a9e2fa\" data-element_type=\"section\">\n\t\t\t\t\t\t<div class=\"elementor-container elementor-column-gap-default\">\n\t\t\t\t\t\t\t<div class=\"elementor-row\">\n\t\t\t\t\t<div class=\"elementor-column elementor-col-100 elementor-top-column elementor-element elementor-element-1edcaf8\" data-id=\"1edcaf8\" data-element_type=\"column\">\n\t\t\t<div class=\"elementor-column-wrap elementor-element-populated\">\n\t\t\t\t\t\t\t<div class=\"elementor-widget-wrap\">\n\t\t\t\t\t\t<div class=\"elementor-element elementor-element-a19d06f elementor-widget elementor-widget-image\" data-id=\"a19d06f\" data-element_type=\"widget\" data-widget_type=\"image.default\">\n\t\t\t\t<div class=\"elementor-widget-container\">\n\t\t\t\t\t\t\t\t<div class=\"elementor-image\">\n\t\t\t\t\t\t\t\t\t\t\t\t<img decoding=\"async\" width=\"750\" height=\"563\" src=\"https:\/\/ttcpelaka.de\/wp-content\/uploads\/2025\/11\/Jubiaeum_TN_Vereine-768x576.jpg\" class=\"attachment-medium_large size-medium_large wp-image-2588\" alt=\"\" loading=\"lazy\" srcset=\"https:\/\/ttcpelaka.de\/wp-content\/uploads\/2025\/11\/Jubiaeum_TN_Vereine-768x576.jpg 768w, https:\/\/ttcpelaka.de\/wp-content\/uploads\/2025\/11\/Jubiaeum_TN_Vereine-300x225.jpg 300w, https:\/\/ttcpelaka.de\/wp-content\/uploads\/2025\/11\/Jubiaeum_TN_Vereine-1024x768.jpg 1024w, https:\/\/ttcpelaka.de\/wp-content\/uploads\/2025\/11\/Jubiaeum_TN_Vereine.jpg 1288w\" sizes=\"(max-width: 750px) 100vw, 750px\" \/>\t\t\t\t\t\t\t\t\t\t\t\t\t\t<\/div>\n\t\t\t\t\t\t<\/div>\n\t\t\t\t<\/div>\n\t\t\t\t\t\t<\/div>\n\t\t\t\t\t<\/div>\n\t\t<\/div>\n\t\t\t\t\t\t\t\t<\/div>\n\t\t\t\t\t<\/div>\n\t\t<\/section>\n\t\t\t\t<section class=\"elementor-section elementor-top-section elementor-element elementor-element-c1c988a elementor-section-boxed elementor-section-height-default elementor-section-height-default\" data-id=\"c1c988a\" data-element_type=\"section\">\n\t\t\t\t\t\t<div class=\"elementor-container elementor-column-gap-default\">\n\t\t\t\t\t\t\t<div class=\"elementor-row\">\n\t\t\t\t\t<div class=\"elementor-column elementor-col-100 elementor-top-column elementor-element elementor-element-5cea997\" data-id=\"5cea997\" data-element_type=\"column\">\n\t\t\t<div class=\"elementor-column-wrap elementor-element-populated\">\n\t\t\t\t\t\t\t<div class=\"elementor-widget-wrap\">\n\t\t\t\t\t\t<div class=\"elementor-element elementor-element-f0622a7 elementor-widget elementor-widget-heading\" data-id=\"f0622a7\" data-element_type=\"widget\" data-widget_type=\"heading.default\">\n\t\t\t\t<div class=\"elementor-widget-container\">\n\t\t\t<h2 class=\"elementor-heading-title elementor-size-medium\">Die Aktiven beim Turnier der Vereine<\/h2>\t\t<\/div>\n\t\t\t\t<\/div>\n\t\t\t\t\t\t<\/div>\n\t\t\t\t\t<\/div>\n\t\t<\/div>\n\t\t\t\t\t\t\t\t<\/div>\n\t\t\t\t\t<\/div>\n\t\t<\/section>\n\t\t\t\t\t\t\t\t\t<\/div>\n\t\t\t<\/div>\n\t\t\t\t\t<\/div>\n\t\t","protected":false},"excerpt":{"rendered":"<p>75 Jahre TTC Pe-La-Ka e.V. Lasfelde. Der Tischtennis-Club Pe-La-Ka hat in der Bahnhofsgastst\u00e4tte Henkel sein 75-j\u00e4hriges Vereinsjubil\u00e4um gefeiert. Vorsitzender Detlef Fromme begr\u00fc\u00dfte zahlreiche Mitglieder, Sportfreunde und Ehreng\u00e4ste &#8211; darunter den stellvertretenden Landrat des Landkreises G\u00f6ttingen, Sebastian Bornemann, die stellvertretende B\u00fcrgermeisterin der Stadt Osterode am Harz, Helga Klages, sowie den Ortsb\u00fcrgermeister [&hellip;]<\/p>\n","protected":false},"author":5,"featured_media":0,"parent":0,"menu_order":0,"comment_status":"closed","ping_status":"closed","template":"page-templates\/template-pagebuilder-full-width.php","meta":[],"_links":{"self":[{"href":"https:\/\/ttcpelaka.de\/index.php?rest_route=\/wp\/v2\/pages\/2572"}],"collection":[{"href":"https:\/\/ttcpelaka.de\/index.php?rest_route=\/wp\/v2\/pages"}],"about":[{"href":"https:\/\/ttcpelaka.de\/index.php?rest_route=\/wp\/v2\/types\/page"}],"author":[{"embeddable":true,"href":"https:\/\/ttcpelaka.de\/index.php?rest_route=\/wp\/v2\/users\/5"}],"replies":[{"embeddable":true,"href":"https:\/\/ttcpelaka.de\/index.php?rest_route=%2Fwp%2Fv2%2Fcomments&post=2572"}],"version-history":[{"count":15,"href":"https:\/\/ttcpelaka.de\/index.php?rest_route=\/wp\/v2\/pages\/2572\/revisions"}],"predecessor-version":[{"id":2596,"href":"https:\/\/ttcpelaka.de\/index.php?rest_route=\/wp\/v2\/pages\/2572\/revisions\/2596"}],"wp:attachment":[{"href":"https:\/\/ttcpelaka.de\/index.php?rest_route=%2Fwp%2Fv2%2Fmedia&parent=2572"}],"curies":[{"name":"wp","href":"https:\/\/api.w.org\/{rel}","templated":true}]}}