{"id":1018,"date":"2020-03-08T17:34:51","date_gmt":"2020-03-08T16:34:51","guid":{"rendered":"https:\/\/ttcpelaka.de\/?page_id=1018"},"modified":"2023-07-30T11:49:06","modified_gmt":"2023-07-30T09:49:06","slug":"jugendabteilung","status":"publish","type":"page","link":"https:\/\/ttcpelaka.de\/?page_id=1018","title":{"rendered":"Jugendabteilung"},"content":{"rendered":"\t\t<div data-elementor-type=\"wp-page\" data-elementor-id=\"1018\" class=\"elementor elementor-1018\">\n\t\t\t\t\t\t<div class=\"elementor-inner\">\n\t\t\t\t<div class=\"elementor-section-wrap\">\n\t\t\t\t\t\t\t\t\t<section class=\"elementor-section elementor-top-section elementor-element elementor-element-4c0df67 elementor-section-boxed elementor-section-height-default elementor-section-height-default\" data-id=\"4c0df67\" data-element_type=\"section\">\n\t\t\t\t\t\t<div class=\"elementor-container elementor-column-gap-default\">\n\t\t\t\t\t\t\t<div class=\"elementor-row\">\n\t\t\t\t\t<div class=\"elementor-column elementor-col-100 elementor-top-column elementor-element elementor-element-fccc40a\" data-id=\"fccc40a\" data-element_type=\"column\">\n\t\t\t<div class=\"elementor-column-wrap elementor-element-populated\">\n\t\t\t\t\t\t\t<div class=\"elementor-widget-wrap\">\n\t\t\t\t\t\t<div class=\"elementor-element elementor-element-888bb87 elementor-widget elementor-widget-heading\" data-id=\"888bb87\" data-element_type=\"widget\" data-widget_type=\"heading.default\">\n\t\t\t\t<div class=\"elementor-widget-container\">\n\t\t\t<h2 class=\"elementor-heading-title elementor-size-default\">Unsere Jugendabteilung:<\/h2>\t\t<\/div>\n\t\t\t\t<\/div>\n\t\t\t\t\t\t<\/div>\n\t\t\t\t\t<\/div>\n\t\t<\/div>\n\t\t\t\t\t\t\t\t<\/div>\n\t\t\t\t\t<\/div>\n\t\t<\/section>\n\t\t\t\t<section class=\"elementor-section elementor-top-section elementor-element elementor-element-171a5cc elementor-section-boxed elementor-section-height-default elementor-section-height-default\" data-id=\"171a5cc\" data-element_type=\"section\">\n\t\t\t\t\t\t<div class=\"elementor-container elementor-column-gap-default\">\n\t\t\t\t\t\t\t<div class=\"elementor-row\">\n\t\t\t\t\t<div class=\"elementor-column elementor-col-100 elementor-top-column elementor-element elementor-element-fc9e76c\" data-id=\"fc9e76c\" data-element_type=\"column\">\n\t\t\t<div class=\"elementor-column-wrap elementor-element-populated\">\n\t\t\t\t\t\t\t<div class=\"elementor-widget-wrap\">\n\t\t\t\t\t\t<div class=\"elementor-element elementor-element-1c146de elementor-widget elementor-widget-text-editor\" data-id=\"1c146de\" data-element_type=\"widget\" data-widget_type=\"text-editor.default\">\n\t\t\t\t<div class=\"elementor-widget-container\">\n\t\t\t\t\t\t\t\t<div class=\"elementor-text-editor elementor-clearfix\">\n\t\t\t\t<p>Der TTC Pe-La-Ka engagiert sich intensiv in der Nachwuchsarbeit. Das Training f\u00fcr Kinder und Jugendliche findet jeden <strong>Dienstag von 18.00 bis 20.00 Uhr<\/strong> und jeden <strong>Freitag von 18.00 bis 20.00 Uhr<\/strong> unter Anleitung erfahrener Trainer statt.\u00a0<\/p><p>Dienstags beginnt das Training i.d.R. mit einer Aufw\u00e4rmphase, gefolgt von einer \u00dcbungseinheit zu Schlagtechniken. Wann immer m\u00f6glich, wird der Trainingsabend mit einem Spiel bzw. Wettkampf beendet.\u00a0<\/p><p>Freitags steht das Spiel am Tisch im Vordergrund.\u00a0<\/p><p>In der Trainingsgruppe werden Kinder mit und ohne Punktspielerfahrung gemeinsam betreut. Dabei werden die Schwerpunkte, soweit m\u00f6glich, auf den Trainingsstand der einzelnen Teilnehmer abgestellt. Dies ist insbesondere beim Einzel- und beim Balleimertraining gut m\u00f6glich.<\/p><p>Die <strong>Heimspiele<\/strong> der 1. Jugendmannschaft finden i.d.R. freitags in der Turnhalle des TRG statt, w\u00e4hrend die 2. Jugendmannschaft ihre Heimspiele dienstags in der Turnhalle Lasfelde austr\u00e4gt.\u00a0<\/p><p>F\u00fcr Kinder, die noch nicht in der Jugendmannschaft gemeldet sind, bietet der TTC Pe-La-Ka eine Teilnahme an den sog. <strong><a href=\"https:\/\/ttcpelaka.de\/?page_id=1021\">mini-Meisterschaften<\/a><\/strong> an.\u00a0<\/p><p>Seit vielen Jahren erm\u00f6glicht die Grundschule Lasfelde einen &#8222;Tischtennis-Aktionstag&#8220;. Dabei wird mit den 3. und 4. Klassen jeweils eine Doppelstunde Tischtennis gespielt.\u00a0<\/p><p>Fester Bestandteil der Jahresplanung des TTC ist auch der Ferienpass der Stadt Osterode am Harz, f\u00fcr den immer Angebote f\u00fcr Kinder im Grundschulalter vorgehalten werden.\u00a0<\/p><p>Weitere Informationen finden Sie hier:<strong>\u00a0 \u00a0\u00a0<\/strong> \u00a0 \u00a0 \u00a0\u00a0<\/p>\t\t\t\t\t<\/div>\n\t\t\t\t\t\t<\/div>\n\t\t\t\t<\/div>\n\t\t\t\t\t\t<\/div>\n\t\t\t\t\t<\/div>\n\t\t<\/div>\n\t\t\t\t\t\t\t\t<\/div>\n\t\t\t\t\t<\/div>\n\t\t<\/section>\n\t\t\t\t<section class=\"elementor-section elementor-top-section elementor-element elementor-element-0f72ef0 elementor-section-boxed elementor-section-height-default elementor-section-height-default\" data-id=\"0f72ef0\" data-element_type=\"section\">\n\t\t\t\t\t\t<div class=\"elementor-container elementor-column-gap-default\">\n\t\t\t\t\t\t\t<div class=\"elementor-row\">\n\t\t\t\t\t<div class=\"elementor-column elementor-col-100 elementor-top-column elementor-element elementor-element-56e35ae\" data-id=\"56e35ae\" data-element_type=\"column\">\n\t\t\t<div class=\"elementor-column-wrap elementor-element-populated\">\n\t\t\t\t\t\t\t<div class=\"elementor-widget-wrap\">\n\t\t\t\t\t\t<div class=\"elementor-element elementor-element-ce61f52 elementor-widget elementor-widget-text-editor\" data-id=\"ce61f52\" data-element_type=\"widget\" data-widget_type=\"text-editor.default\">\n\t\t\t\t<div class=\"elementor-widget-container\">\n\t\t\t\t\t\t\t\t<div class=\"elementor-text-editor elementor-clearfix\">\n\t\t\t\t<p><strong><a href=\"https:\/\/ttcpelaka.de\/?page_id=249\">1. Jugendmanschaft<\/a>\u00a0 \u00a0 \u00a0 \u00a0 \u00a0 \u00a0 \u00a0 \u00a0 \u00a0 \u00a0 \u00a0 \u00a0<a href=\"https:\/\/ttcpelaka.de\/?page_id=270\">2. Jugendmannschaft<\/a>\u00a0 \u00a0 \u00a0 \u00a0 \u00a0 \u00a0 \u00a0 \u00a0 \u00a0 <a href=\"https:\/\/ttcpelaka.de\/?page_id=1021\">mini-Meisterschaft<\/a>\u00a0 \u00a0 \u00a0 \u00a0 \u00a0 \u00a0 \u00a0<\/strong><\/p>\t\t\t\t\t<\/div>\n\t\t\t\t\t\t<\/div>\n\t\t\t\t<\/div>\n\t\t\t\t\t\t<\/div>\n\t\t\t\t\t<\/div>\n\t\t<\/div>\n\t\t\t\t\t\t\t\t<\/div>\n\t\t\t\t\t<\/div>\n\t\t<\/section>\n\t\t\t\t<section class=\"elementor-section elementor-top-section elementor-element elementor-element-f44f2a3 elementor-section-boxed elementor-section-height-default elementor-section-height-default\" data-id=\"f44f2a3\" data-element_type=\"section\">\n\t\t\t\t\t\t<div class=\"elementor-container elementor-column-gap-default\">\n\t\t\t\t\t\t\t<div class=\"elementor-row\">\n\t\t\t\t\t<div class=\"elementor-column elementor-col-100 elementor-top-column elementor-element elementor-element-470418c\" data-id=\"470418c\" data-element_type=\"column\">\n\t\t\t<div class=\"elementor-column-wrap elementor-element-populated\">\n\t\t\t\t\t\t\t<div class=\"elementor-widget-wrap\">\n\t\t\t\t\t\t<div class=\"elementor-element elementor-element-6cd33fb elementor-widget elementor-widget-text-editor\" data-id=\"6cd33fb\" data-element_type=\"widget\" data-widget_type=\"text-editor.default\">\n\t\t\t\t<div class=\"elementor-widget-container\">\n\t\t\t\t\t\t\t\t<div class=\"elementor-text-editor elementor-clearfix\">\n\t\t\t\t<p><strong>Unser Ausflug in die Tennis-Welt<\/strong><\/p><p>Juni 2022 &#8211; Die Sonne brennt auf die Turnhalle &#8211; wir wollen raus!<\/p><p>Steeven hat sich gek\u00fcmmert und der Tennisclub rot wei\u00df Osterode hat uns auf seinen Platz eingeladen. Unter fachkundiger Anleitung von drei Trainer*innen\u00a0 haben Ben, Carlotta, Jaaron, Lasse, Lina, Tom und Tamara sowie Betreuer Steeven und Marvin &#8222;gro\u00dfes&#8220; Tennis gespielt.<\/p><p>Am Anfang stand auch hier das Zuwerfen und vorsichtige Zur\u00fcckspielen des Balles auf einer Seite des Platzes. Aber dann ging es richtig \u00fcber das Netz. Zum Abschluss haben Carlotta und Lasse noch ein Match gespielt.<\/p><p>Wir hatten alle viel Spass und danken dem Tennisclub Osterode f\u00fcr seine Gastfreundschaft und seine gro\u00dfartige Unterst\u00fctzung.<\/p>\t\t\t\t\t<\/div>\n\t\t\t\t\t\t<\/div>\n\t\t\t\t<\/div>\n\t\t\t\t\t\t<\/div>\n\t\t\t\t\t<\/div>\n\t\t<\/div>\n\t\t\t\t\t\t\t\t<\/div>\n\t\t\t\t\t<\/div>\n\t\t<\/section>\n\t\t\t\t<section class=\"elementor-section elementor-top-section elementor-element elementor-element-5fa1f5e elementor-section-boxed elementor-section-height-default elementor-section-height-default\" data-id=\"5fa1f5e\" data-element_type=\"section\">\n\t\t\t\t\t\t<div class=\"elementor-container elementor-column-gap-default\">\n\t\t\t\t\t\t\t<div class=\"elementor-row\">\n\t\t\t\t\t<div class=\"elementor-column elementor-col-100 elementor-top-column elementor-element elementor-element-9dc647a\" data-id=\"9dc647a\" data-element_type=\"column\">\n\t\t\t<div class=\"elementor-column-wrap elementor-element-populated\">\n\t\t\t\t\t\t\t<div class=\"elementor-widget-wrap\">\n\t\t\t\t\t\t<div class=\"elementor-element elementor-element-e57dbe4 elementor-arrows-position-inside elementor-pagination-position-outside elementor-widget elementor-widget-image-carousel\" data-id=\"e57dbe4\" data-element_type=\"widget\" data-settings=\"{&quot;slides_to_show&quot;:&quot;2&quot;,&quot;navigation&quot;:&quot;both&quot;,&quot;autoplay&quot;:&quot;yes&quot;,&quot;pause_on_hover&quot;:&quot;yes&quot;,&quot;pause_on_interaction&quot;:&quot;yes&quot;,&quot;autoplay_speed&quot;:5000,&quot;infinite&quot;:&quot;yes&quot;,&quot;speed&quot;:500}\" data-widget_type=\"image-carousel.default\">\n\t\t\t\t<div class=\"elementor-widget-container\">\n\t\t\t\t\t<div class=\"elementor-image-carousel-wrapper swiper-container\" dir=\"ltr\">\n\t\t\t<div class=\"elementor-image-carousel swiper-wrapper\">\n\t\t\t\t\t\t\t\t<div class=\"swiper-slide\"><figure class=\"swiper-slide-inner\"><img decoding=\"async\" class=\"swiper-slide-image\" src=\"https:\/\/ttcpelaka.de\/wp-content\/uploads\/2022\/06\/Tennis-2022-Platz1-1024x768.jpg\" alt=\"Der Platz ist ...\" \/><figcaption class=\"elementor-image-carousel-caption\">Der Platz ist ...<\/figcaption><\/figure><\/div><div class=\"swiper-slide\"><figure class=\"swiper-slide-inner\"><img decoding=\"async\" class=\"swiper-slide-image\" src=\"https:\/\/ttcpelaka.de\/wp-content\/uploads\/2022\/06\/Tennis-2022-Platz2-1024x768.jpg\" alt=\"... viel gr\u00f6\u00dfer ...\" \/><figcaption class=\"elementor-image-carousel-caption\">... viel gr\u00f6\u00dfer ...<\/figcaption><\/figure><\/div><div class=\"swiper-slide\"><figure class=\"swiper-slide-inner\"><img decoding=\"async\" class=\"swiper-slide-image\" src=\"https:\/\/ttcpelaka.de\/wp-content\/uploads\/2022\/06\/Tennis-2022-Platz3-1024x768.jpg\" alt=\"... als ein TT-Tisch\" \/><figcaption class=\"elementor-image-carousel-caption\">... als ein TT-Tisch<\/figcaption><\/figure><\/div><div class=\"swiper-slide\"><figure class=\"swiper-slide-inner\"><img decoding=\"async\" class=\"swiper-slide-image\" src=\"https:\/\/ttcpelaka.de\/wp-content\/uploads\/2022\/06\/Tennis-2022-Tamara-768x1024.jpg\" alt=\"Tamara\" \/><figcaption class=\"elementor-image-carousel-caption\">Tamara<\/figcaption><\/figure><\/div><div class=\"swiper-slide\"><figure class=\"swiper-slide-inner\"><img decoding=\"async\" class=\"swiper-slide-image\" src=\"https:\/\/ttcpelaka.de\/wp-content\/uploads\/2022\/06\/Tennis-2022-Ben-768x1024.jpg\" alt=\"Ben\" \/><figcaption class=\"elementor-image-carousel-caption\">Ben<\/figcaption><\/figure><\/div><div class=\"swiper-slide\"><figure class=\"swiper-slide-inner\"><img decoding=\"async\" class=\"swiper-slide-image\" src=\"https:\/\/ttcpelaka.de\/wp-content\/uploads\/2022\/06\/Tennis-2022-Carlotta-768x1024.jpg\" alt=\"Carlotta\" \/><figcaption class=\"elementor-image-carousel-caption\">Carlotta<\/figcaption><\/figure><\/div><div class=\"swiper-slide\"><figure class=\"swiper-slide-inner\"><img decoding=\"async\" class=\"swiper-slide-image\" src=\"https:\/\/ttcpelaka.de\/wp-content\/uploads\/2022\/06\/Tennis-2022-Tom-768x1024.jpg\" alt=\"Tom\" \/><figcaption class=\"elementor-image-carousel-caption\">Tom<\/figcaption><\/figure><\/div><div class=\"swiper-slide\"><figure class=\"swiper-slide-inner\"><img decoding=\"async\" class=\"swiper-slide-image\" src=\"https:\/\/ttcpelaka.de\/wp-content\/uploads\/2022\/06\/Tennis-2022-Jaaron-768x1024.jpg\" alt=\"Jaaron\" \/><figcaption class=\"elementor-image-carousel-caption\">Jaaron<\/figcaption><\/figure><\/div><div class=\"swiper-slide\"><figure class=\"swiper-slide-inner\"><img decoding=\"async\" class=\"swiper-slide-image\" src=\"https:\/\/ttcpelaka.de\/wp-content\/uploads\/2022\/06\/Tennis-2022-Steeven-1024x768.jpg\" alt=\"Steeven\" \/><figcaption class=\"elementor-image-carousel-caption\">Steeven<\/figcaption><\/figure><\/div><div class=\"swiper-slide\"><figure class=\"swiper-slide-inner\"><img decoding=\"async\" class=\"swiper-slide-image\" src=\"https:\/\/ttcpelaka.de\/wp-content\/uploads\/2022\/06\/Tennis-2022-Marvin-768x1024.jpg\" alt=\"Marvin\" \/><figcaption class=\"elementor-image-carousel-caption\">Marvin<\/figcaption><\/figure><\/div><div class=\"swiper-slide\"><figure class=\"swiper-slide-inner\"><img decoding=\"async\" class=\"swiper-slide-image\" src=\"https:\/\/ttcpelaka.de\/wp-content\/uploads\/2022\/06\/Tennis-2022-Lasse-768x1024.jpg\" alt=\"Lasse\" \/><figcaption class=\"elementor-image-carousel-caption\">Lasse<\/figcaption><\/figure><\/div><div class=\"swiper-slide\"><figure class=\"swiper-slide-inner\"><img decoding=\"async\" class=\"swiper-slide-image\" src=\"https:\/\/ttcpelaka.de\/wp-content\/uploads\/2022\/06\/Tennis-2022-Gruppe-1024x768.jpg\" alt=\"zu Gast beim Tennisclub Osterode\" \/><figcaption class=\"elementor-image-carousel-caption\">zu Gast beim Tennisclub Osterode<\/figcaption><\/figure><\/div><div class=\"swiper-slide\"><figure class=\"swiper-slide-inner\"><img decoding=\"async\" class=\"swiper-slide-image\" src=\"https:\/\/ttcpelaka.de\/wp-content\/uploads\/2022\/06\/Tennis-2022-Betreuer-1024x768.jpg\" alt=\"Steeven ist zufrieden\" \/><figcaption class=\"elementor-image-carousel-caption\">Steeven ist zufrieden<\/figcaption><\/figure><\/div>\t\t\t<\/div>\n\t\t\t\t\t\t\t\t\t\t\t\t<div class=\"swiper-pagination\"><\/div>\n\t\t\t\t\t\t\t\t\t\t\t\t\t<div class=\"elementor-swiper-button elementor-swiper-button-prev\">\n\t\t\t\t\t\t<i aria-hidden=\"true\" class=\"eicon-chevron-left\"><\/i>\t\t\t\t\t\t<span class=\"elementor-screen-only\">Zur\u00fcck<\/span>\n\t\t\t\t\t<\/div>\n\t\t\t\t\t<div class=\"elementor-swiper-button elementor-swiper-button-next\">\n\t\t\t\t\t\t<i aria-hidden=\"true\" class=\"eicon-chevron-right\"><\/i>\t\t\t\t\t\t<span class=\"elementor-screen-only\">Weiter<\/span>\n\t\t\t\t\t<\/div>\n\t\t\t\t\t\t\t\t\t<\/div>\n\t\t\t\t<\/div>\n\t\t\t\t<\/div>\n\t\t\t\t\t\t<\/div>\n\t\t\t\t\t<\/div>\n\t\t<\/div>\n\t\t\t\t\t\t\t\t<\/div>\n\t\t\t\t\t<\/div>\n\t\t<\/section>\n\t\t\t\t\t\t\t\t\t<\/div>\n\t\t\t<\/div>\n\t\t\t\t\t<\/div>\n\t\t","protected":false},"excerpt":{"rendered":"<p>Unsere Jugendabteilung: Der TTC Pe-La-Ka engagiert sich intensiv in der Nachwuchsarbeit. Das Training f\u00fcr Kinder und Jugendliche findet jeden Dienstag von 18.00 bis 20.00 Uhr und jeden Freitag von 18.00 bis 20.00 Uhr unter Anleitung erfahrener Trainer statt.\u00a0 Dienstags beginnt das Training i.d.R. mit einer Aufw\u00e4rmphase, gefolgt von einer \u00dcbungseinheit [&hellip;]<\/p>\n","protected":false},"author":5,"featured_media":0,"parent":0,"menu_order":0,"comment_status":"closed","ping_status":"closed","template":"page-templates\/template-pagebuilder-full-width.php","meta":[],"_links":{"self":[{"href":"https:\/\/ttcpelaka.de\/index.php?rest_route=\/wp\/v2\/pages\/1018"}],"collection":[{"href":"https:\/\/ttcpelaka.de\/index.php?rest_route=\/wp\/v2\/pages"}],"about":[{"href":"https:\/\/ttcpelaka.de\/index.php?rest_route=\/wp\/v2\/types\/page"}],"author":[{"embeddable":true,"href":"https:\/\/ttcpelaka.de\/index.php?rest_route=\/wp\/v2\/users\/5"}],"replies":[{"embeddable":true,"href":"https:\/\/ttcpelaka.de\/index.php?rest_route=%2Fwp%2Fv2%2Fcomments&post=1018"}],"version-history":[{"count":19,"href":"https:\/\/ttcpelaka.de\/index.php?rest_route=\/wp\/v2\/pages\/1018\/revisions"}],"predecessor-version":[{"id":1895,"href":"https:\/\/ttcpelaka.de\/index.php?rest_route=\/wp\/v2\/pages\/1018\/revisions\/1895"}],"wp:attachment":[{"href":"https:\/\/ttcpelaka.de\/index.php?rest_route=%2Fwp%2Fv2%2Fmedia&parent=1018"}],"curies":[{"name":"wp","href":"https:\/\/api.w.org\/{rel}","templated":true}]}}